{"id":876,"date":"2019-01-02T16:12:27","date_gmt":"2019-01-02T15:12:27","guid":{"rendered":"http:\/\/wp.db-brandenburg.de\/?page_id=876"},"modified":"2023-04-05T15:40:40","modified_gmt":"2023-04-05T14:40:40","slug":"amtsblaetter-der-koeniglichen-regierung-zu-potsdam-und-der-stadt-berlin","status":"publish","type":"page","link":"https:\/\/db-brandenburg.de\/?page_id=876","title":{"rendered":"Amtsbl\u00e4tter der k\u00f6niglichen Regierung zu Potsdam und der Stadt Berlin"},"content":{"rendered":"<h4>Amtsblatt der K\u00f6niglichen Churm\u00e4rkischen Regierung zu Potsdam<\/h4>\n<ul>\n<li><a href=\"http:\/\/www.mdz-nbn-resolving.de\/urn\/resolver.pl?urn=urn:nbn:de:bvb:12-bsb10001472-8\" target=\"_blank\" rel=\"noopener\">1811<\/a><\/li>\n<li><a href=\"http:\/\/www.mdz-nbn-resolving.de\/urn\/resolver.pl?urn=urn:nbn:de:bvb:12-bsb10001473-6\" target=\"_blank\" rel=\"noopener\">1812<\/a><\/li>\n<li><a href=\"http:\/\/www.mdz-nbn-resolving.de\/urn\/resolver.pl?urn=urn:nbn:de:bvb:12-bsb10001474-0\" target=\"_blank\" rel=\"noopener\">1813<\/a><\/li>\n<li><a href=\"http:\/\/www.mdz-nbn-resolving.de\/urn\/resolver.pl?urn=urn:nbn:de:bvb:12-bsb10001475-3\" target=\"_blank\" rel=\"noopener\">1814<\/a><\/li>\n<li><a href=\"http:\/\/www.mdz-nbn-resolving.de\/urn\/resolver.pl?urn=urn:nbn:de:bvb:12-bsb10001476-9\" target=\"_blank\" rel=\"noopener\">1815<\/a><\/li>\n<li><a href=\"https:\/\/www.digitale-sammlungen.de\/de\/view\/bsb10001477\" rel=\"noopener\" target=\"_blank\">1816 (No. 1-25)<\/a><\/li>\n<li><a href=\"https:\/\/www.digitale-sammlungen.de\/de\/view\/bsb10001478\" rel=\"noopener\" target=\"_blank\">1816 (No. 27-53)<\/a><\/li>\n<\/ul>\n<h4>Amtsblatt der k\u00f6niglichen Regierung zu Potsdam<\/h4>\n<ul>\n<li><a href=\"https:\/\/www.digitale-sammlungen.de\/de\/view\/bsb10001491\" rel=\"noopener\" target=\"_blank\">1817 (No. 1-27)<\/a><\/li>\n<li><a href=\"https:\/\/www.digitale-sammlungen.de\/de\/view\/bsb10001492\" rel=\"noopener\" target=\"_blank\">1817 (No. 28-52)<\/a><\/li>\n<li><a href=\"https:\/\/www.digitale-sammlungen.de\/de\/view\/bsb10001493\" target=\"_blank\" rel=\"noopener\">1818<\/a><\/li>\n<li><a href=\"https:\/\/www.digitale-sammlungen.de\/de\/view\/bsb10001494\" target=\"_blank\" rel=\"noopener\">1819<\/a><\/li>\n<li><a href=\"https:\/\/www.digitale-sammlungen.de\/de\/view\/bsb10001495\" target=\"_blank\" rel=\"noopener\">1820<\/a><\/li>\n<li><a href=\"https:\/\/www.digitale-sammlungen.de\/de\/view\/bsb10001496\" target=\"_blank\" rel=\"noopener\">1821<\/a><\/li>\n<li><a href=\"https:\/\/www.digitale-sammlungen.de\/de\/view\/bsb10001497\" target=\"_blank\" rel=\"noopener\">1822<\/a><\/li>\n<\/ul>\n<h4>Amtsblatt der k\u00f6niglichen Regierung zu Potsdam und der Stadt Berlin<\/h4>\n<ul>\n<li><a href=\"http:\/\/www.mdz-nbn-resolving.de\/urn\/resolver.pl?urn=urn:nbn:de:bvb:12-bsb10001498-3\" target=\"_blank\" rel=\"noopener\">1823<\/a><\/li>\n<li><a href=\"https:\/\/www.digitale-sammlungen.de\/de\/view\/bsb10001499\" rel=\"noopener\" target=\"_blank\">1824<\/a><\/li>\n<li><a href=\"http:\/\/www.mdz-nbn-resolving.de\/urn\/resolver.pl?urn=urn:nbn:de:bvb:12-bsb10001500-7\" target=\"_blank\" rel=\"noopener\">1825<\/a><\/li>\n<li><a href=\"http:\/\/www.mdz-nbn-resolving.de\/urn\/resolver.pl?urn=urn:nbn:de:bvb:12-bsb10001501-2\" target=\"_blank\" rel=\"noopener\">1826<\/a><\/li>\n<li><a href=\"http:\/\/www.mdz-nbn-resolving.de\/urn\/resolver.pl?urn=urn:nbn:de:bvb:12-bsb10001502-4\" target=\"_blank\" rel=\"noopener\">1827<\/a><\/li>\n<li><a href=\"http:\/\/www.mdz-nbn-resolving.de\/urn\/resolver.pl?urn=urn:nbn:de:bvb:12-bsb10001503-5\" target=\"_blank\" rel=\"noopener\">1828<\/a><\/li>\n<li><a href=\"http:\/\/www.mdz-nbn-resolving.de\/urn\/resolver.pl?urn=urn:nbn:de:bvb:12-bsb10001504-3\" target=\"_blank\" rel=\"noopener\">1829<\/a><\/li>\n<li><a href=\"http:\/\/www.mdz-nbn-resolving.de\/urn\/resolver.pl?urn=urn:nbn:de:bvb:12-bsb10001505-6\" target=\"_blank\" rel=\"noopener\">1830<\/a><\/li>\n<li><a href=\"http:\/\/www.mdz-nbn-resolving.de\/urn\/resolver.pl?urn=urn:nbn:de:bvb:12-bsb10001506-9\" target=\"_blank\" rel=\"noopener\">1831<\/a><\/li>\n<li><a href=\"http:\/\/www.mdz-nbn-resolving.de\/urn\/resolver.pl?urn=urn:nbn:de:bvb:12-bsb10001507-1\" target=\"_blank\" rel=\"noopener\">1832<\/a><\/li>\n<li><a href=\"http:\/\/www.mdz-nbn-resolving.de\/urn\/resolver.pl?urn=urn:nbn:de:bvb:12-bsb10001508-6\" target=\"_blank\" rel=\"noopener\">1833<\/a><\/li>\n<li><a href=\"http:\/\/www.mdz-nbn-resolving.de\/urn\/resolver.pl?urn=urn:nbn:de:bvb:12-bsb10001509-0\" target=\"_blank\" rel=\"noopener\">1834<\/a><\/li>\n<li><a href=\"https:\/\/reader.digitale-sammlungen.de\/de\/fs1\/object\/display\/bsb10001510_00005.html\" target=\"_blank\" rel=\"noopener\">1835<\/a><\/li>\n<li style=\"color:black;\">1836<\/li>\n<li><a href=\"https:\/\/reader.digitale-sammlungen.de\/de\/fs1\/object\/display\/bsb10001511_00005.html\" target=\"_blank\" rel=\"noopener\">1837<\/a><\/li>\n<li><a href=\"https:\/\/reader.digitale-sammlungen.de\/de\/fs1\/object\/display\/bsb10001512_00005.html\" target=\"_blank\" rel=\"noopener\">1838<\/a><\/li>\n<li><a href=\"https:\/\/reader.digitale-sammlungen.de\/de\/fs1\/object\/display\/bsb10001513_00005.html\" target=\"_blank\" rel=\"noopener\">1839<\/a><\/li>\n<li><a href=\"https:\/\/reader.digitale-sammlungen.de\/de\/fs1\/object\/display\/bsb10001514_00005.html\" target=\"_blank\" rel=\"noopener\">1840<\/a><\/li>\n<li><a href=\"https:\/\/reader.digitale-sammlungen.de\/de\/fs1\/object\/display\/bsb10001515_00005.html\" target=\"_blank\" rel=\"noopener\">1841<\/a><\/li>\n<li><a href=\"https:\/\/reader.digitale-sammlungen.de\/de\/fs1\/object\/display\/bsb10001516_00005.html\" target=\"_blank\" rel=\"noopener\">1842<\/a><\/li>\n<li><a href=\"https:\/\/reader.digitale-sammlungen.de\/de\/fs1\/object\/display\/bsb10001517_00005.html\" target=\"_blank\" rel=\"noopener\">1843<\/a><\/li>\n<li><a href=\"https:\/\/reader.digitale-sammlungen.de\/de\/fs1\/object\/display\/bsb10001518_00005.html\" target=\"_blank\" rel=\"noopener\">1844<\/a><\/li>\n<li><a href=\"https:\/\/reader.digitale-sammlungen.de\/de\/fs1\/object\/display\/bsb10001519_00005.html\" target=\"_blank\" rel=\"noopener\">1845<\/a><\/li>\n<li><a href=\"https:\/\/reader.digitale-sammlungen.de\/de\/fs1\/object\/display\/bsb10001520_00005.html\" target=\"_blank\" rel=\"noopener\">1846<\/a><\/li>\n<li><a href=\"https:\/\/reader.digitale-sammlungen.de\/de\/fs1\/object\/display\/bsb10001521_00007.html\" target=\"_blank\" rel=\"noopener\">1847<\/a><\/li>\n<li><a href=\"https:\/\/reader.digitale-sammlungen.de\/de\/fs1\/object\/display\/bsb10001522_00005.html\" target=\"_blank\" rel=\"noopener\">1848<\/a><\/li>\n<li><a href=\"https:\/\/reader.digitale-sammlungen.de\/de\/fs1\/object\/display\/bsb10001523_00005.html\" target=\"_blank\" rel=\"noopener\">1849<\/a><\/li>\n<li><a href=\"https:\/\/reader.digitale-sammlungen.de\/de\/fs1\/object\/display\/bsb10001524_00005.html\" target=\"_blank\" rel=\"noopener\">1850<\/a><\/li>\n<li><a href=\"https:\/\/reader.digitale-sammlungen.de\/de\/fs1\/object\/display\/bsb10001525_00005.html\" target=\"_blank\" rel=\"noopener\">1851<\/a><\/li>\n<li><a href=\"https:\/\/reader.digitale-sammlungen.de\/de\/fs1\/object\/display\/bsb10001526_00005.html\" target=\"_blank\" rel=\"noopener\">1852<\/a><\/li>\n<li><a href=\"https:\/\/reader.digitale-sammlungen.de\/de\/fs1\/object\/display\/bsb10001527_00003.html\" target=\"_blank\" rel=\"noopener\">1853<\/a><\/li>\n<li><a href=\"https:\/\/reader.digitale-sammlungen.de\/de\/fs1\/object\/display\/bsb10001528_00005.html\" target=\"_blank\" rel=\"noopener\">1854<\/a><\/li>\n<li><a href=\"https:\/\/reader.digitale-sammlungen.de\/de\/fs1\/object\/display\/bsb10001529_00005.html\" target=\"_blank\" rel=\"noopener\">1855<\/a><\/li>\n<li><a href=\"https:\/\/reader.digitale-sammlungen.de\/de\/fs1\/object\/display\/bsb10001530_00005.html\" target=\"_blank\" rel=\"noopener\">1856<\/a><\/li>\n<li><a href=\"https:\/\/reader.digitale-sammlungen.de\/de\/fs1\/object\/display\/bsb10001531_00005.html\" target=\"_blank\" rel=\"noopener\">1857<\/a><\/li>\n<li><a href=\"https:\/\/reader.digitale-sammlungen.de\/de\/fs1\/object\/display\/bsb10001532_00005.html\" target=\"_blank\" rel=\"noopener\">1858<\/a><\/li>\n<li><a href=\"https:\/\/reader.digitale-sammlungen.de\/de\/fs1\/object\/display\/bsb10001533_00005.html\" target=\"_blank\" rel=\"noopener\">1859<\/a><\/li>\n<li><a href=\"https:\/\/reader.digitale-sammlungen.de\/de\/fs1\/object\/display\/bsb10001534_00005.html\" target=\"_blank\" rel=\"noopener\">1860<\/a><\/li>\n<li><a href=\"https:\/\/reader.digitale-sammlungen.de\/de\/fs1\/object\/display\/bsb10001535_00005.html\" target=\"_blank\" rel=\"noopener\">1861<\/a><\/li>\n<li><a href=\"https:\/\/reader.digitale-sammlungen.de\/de\/fs1\/object\/display\/bsb10001536_00005.html\" target=\"_blank\" rel=\"noopener\">1862<\/a><\/li>\n<li><a href=\"https:\/\/reader.digitale-sammlungen.de\/de\/fs1\/object\/display\/bsb10001537_00005.html\" target=\"_blank\" rel=\"noopener\">1863<\/a><\/li>\n<li><a href=\"https:\/\/reader.digitale-sammlungen.de\/de\/fs1\/object\/display\/bsb10001538_00005.html\" target=\"_blank\" rel=\"noopener\">1864<\/a><\/li>\n<li><a href=\"https:\/\/reader.digitale-sammlungen.de\/de\/fs1\/object\/display\/bsb10001539_00003.html\" target=\"_blank\" rel=\"noopener\">1865<\/a><\/li>\n<li><a href=\"https:\/\/reader.digitale-sammlungen.de\/de\/fs1\/object\/display\/bsb10001540_00005.html\" target=\"_blank\" rel=\"noopener\">1866<\/a><\/li>\n<li><a href=\"https:\/\/reader.digitale-sammlungen.de\/de\/fs1\/object\/display\/bsb10001541_00005.html\" target=\"_blank\" rel=\"noopener\">1867<\/a><\/li>\n<li><a href=\"https:\/\/reader.digitale-sammlungen.de\/de\/fs1\/object\/display\/bsb10001542_00009.html\" target=\"_blank\" rel=\"noopener\">1868<\/a><\/li>\n<li><a href=\"https:\/\/www.digitale-sammlungen.de\/de\/view\/bsb10478085\" rel=\"noopener\" target=\"_blank\">1869<\/a><\/li>\n<li><a href=\"https:\/\/www.digitale-sammlungen.de\/de\/view\/bsb11031888\" rel=\"noopener\" target=\"_blank\">1870<\/a><\/li>\n<li><a href=\"https:\/\/www.digitale-sammlungen.de\/de\/view\/bsb11031889\" rel=\"noopener\" target=\"_blank\">1871<\/a><\/li>\n<li><a href=\"https:\/\/archive.org\/details\/amtsblattderreg16gergoog\/page\/n5\" target=\"_blank\" rel=\"noopener\">1872<\/a><\/li>\n<li><a href=\"https:\/\/www.digitale-sammlungen.de\/de\/view\/bsb11031891\" rel=\"noopener\" target=\"_blank\">1873<\/a><\/li>\n<li><a href=\"http:\/\/www.archive.org\/stream\/amtsblattderreg06unkngoog#page\/n4\/mode\/2up\" target=\"_blank\" rel=\"noopener\">1874<\/a><\/li>\n<li><a href=\"https:\/\/www.digitale-sammlungen.de\/de\/view\/bsb11308201\" rel=\"noopener\" target=\"_blank\">1875<\/a><\/li>\n<li><a href=\"https:\/\/www.digitale-sammlungen.de\/de\/view\/bsb11326836\" rel=\"noopener\" target=\"_blank\">1876<\/a><\/li>\n<li><a href=\"https:\/\/www.digitale-sammlungen.de\/de\/view\/bsb11351258\" rel=\"noopener\" target=\"_blank\">1877<\/a><\/li>\n<li><a href=\"https:\/\/www.digitale-sammlungen.de\/de\/view\/bsb11364474\" rel=\"noopener\" target=\"_blank\">1878<\/a><\/li>\n<li><a href=\"https:\/\/archive.org\/details\/amtsblattderreg13gergoog\/page\/n5\" target=\"_blank\" rel=\"noopener\">1879<\/a><\/li>\n<li><a href=\"https:\/\/www.digitale-sammlungen.de\/de\/view\/bsb11480963\" rel=\"noopener\" target=\"_blank\">1880<\/a><\/li>\n<li><a href=\"https:\/\/archive.org\/details\/amtsblattderreg28gergoog\/page\/n5\" target=\"_blank\" rel=\"noopener\">1881<\/a><\/li>\n<li><a href=\"https:\/\/www.digitale-sammlungen.de\/de\/view\/bsb11480965\" rel=\"noopener\" target=\"_blank\">1882<\/a><\/li>\n<li><a href=\"https:\/\/www.digitale-sammlungen.de\/de\/view\/bsb11480966\" rel=\"noopener\" target=\"_blank\">1883<\/a><\/li>\n<li><a href=\"https:\/\/archive.org\/details\/amtsblattderreg16unkngoog\/page\/n3\" target=\"_blank\" rel=\"noopener\">1884<\/a><\/li>\n<li><a href=\"https:\/\/www.digitale-sammlungen.de\/de\/view\/bsb11480968\" rel=\"noopener\" target=\"_blank\">1885<\/a><\/li>\n<li><a href=\"https:\/\/www.digitale-sammlungen.de\/de\/view\/bsb11480969\" rel=\"noopener\" target=\"_blank\">1886<\/a><\/li>\n<li><a href=\"https:\/\/archive.org\/details\/amtsblattderreg22gergoog\/page\/n13\" target=\"_blank\" rel=\"noopener\">1887<\/a><\/li>\n<li><a href=\"https:\/\/archive.org\/details\/amtsblattderreg37gergoog\/page\/n4\" target=\"_blank\" rel=\"noopener\">1888<\/a><\/li>\n<li><a href=\"https:\/\/archive.org\/details\/amtsblattderreg38gergoog\/page\/n5\" target=\"_blank\" rel=\"noopener\">1889<\/a><\/li>\n<li><a href=\"https:\/\/archive.org\/details\/amtsblattderreg29gergoog\/page\/n5\" target=\"_blank\" rel=\"noopener\">1890<\/a><\/li>\n<li><a href=\"https:\/\/www.digitale-sammlungen.de\/de\/view\/bsb11480974\" rel=\"noopener\" target=\"_blank\">1891<\/a><\/li>\n<li><a href=\"https:\/\/www.digitale-sammlungen.de\/de\/view\/bsb11480975\" rel=\"noopener\" target=\"_blank\">1892<\/a><\/li>\n<li><a href=\"https:\/\/www.digitale-sammlungen.de\/de\/view\/bsb11480976\" rel=\"noopener\" target=\"_blank\">1893<\/a><\/li>\n<li><a href=\"https:\/\/archive.org\/details\/amtsblattderreg14gergoog\/page\/n5\" target=\"_blank\" rel=\"noopener\">1894<\/a><\/li>\n<li><a href=\"https:\/\/archive.org\/details\/amtsblattderreg00unkngoog\/page\/n4\" target=\"_blank\" rel=\"noopener\">1895<\/a><\/li>\n<li><a href=\"https:\/\/www.digitale-sammlungen.de\/de\/view\/bsb11480978\" rel=\"noopener\" target=\"_blank\">1895<\/a><\/li>\n<li><a href=\"https:\/\/www.digitale-sammlungen.de\/de\/view\/bsb11734382\" rel=\"noopener\" target=\"_blank\">1896<\/a><\/li>\n<li><a href=\"https:\/\/archive.org\/details\/amtsblattderreg35gergoog\/page\/n5\" target=\"_blank\" rel=\"noopener\">1897<\/a><\/li>\n<li><a href=\"https:\/\/archive.org\/details\/amtsblattderreg25gergoog\/page\/n5\" target=\"_blank\" rel=\"noopener\">1898<\/a><\/li>\n<li style=\"color:black;\">1899<\/li>\n<li><a href=\"https:\/\/archive.org\/details\/amtsblattderreg02unkngoog\/page\/n5\" target=\"_blank\" rel=\"noopener\">1900<\/a><\/li>\n<li><a href=\"https:\/\/archive.org\/details\/amtsblattderreg04unkngoog\/page\/n7\" target=\"_blank\" rel=\"noopener\">1901<\/a><\/li>\n<li><a href=\"https:\/\/archive.org\/details\/amtsblattderreg36gergoog\/page\/n5\" target=\"_blank\" rel=\"noopener\">1902<\/a><\/li>\n<li style=\"color:black;\">1903<\/li>\n<li><a href=\"https:\/\/archive.org\/details\/amtsblattderreg05gergoog\/page\/n5\" target=\"_blank\" rel=\"noopener\">1904<\/a><\/li>\n<li><a href=\"https:\/\/archive.org\/details\/amtsblattderreg06gergoog\/page\/n5\" target=\"_blank\" rel=\"noopener\">1905<\/a><\/li>\n<li><a href=\"https:\/\/archive.org\/details\/amtsblattderreg32gergoog\/page\/n7\" target=\"_blank\" rel=\"noopener\">1907<\/a><\/li>\n<li><a href=\"https:\/\/archive.org\/details\/amtsblattderreg33gergoog\/page\/n5\" target=\"_blank\" rel=\"noopener\">1908<\/a><\/li>\n<\/ul>\n","protected":false},"excerpt":{"rendered":"<p>Amtsblatt der K\u00f6niglichen Churm\u00e4rkischen Regierung zu Potsdam 1811 1812 1813 1814 1815 1816 (No. 1-25) 1816 (No. 27-53) Amtsblatt der k\u00f6niglichen Regierung zu Potsdam 1817 (No. 1-27) 1817 (No. 28-52) 1818 1819 1820 1821 1822 Amtsblatt der k\u00f6niglichen Regierung zu Potsdam und der Stadt Berlin 1823 1824 1825 1826 1827 1828 1829 1830 1831 1832 &hellip; <\/p>\n<p class=\"link-more\"><a href=\"https:\/\/db-brandenburg.de\/?page_id=876\" class=\"more-link\"><span class=\"screen-reader-text\">\u201eAmtsbl\u00e4tter der k\u00f6niglichen Regierung zu Potsdam und der Stadt Berlin\u201c <\/span>weiterlesen<\/a><\/p>\n","protected":false},"author":1,"featured_media":0,"parent":0,"menu_order":0,"comment_status":"closed","ping_status":"closed","template":"","meta":{"footnotes":""},"class_list":["post-876","page","type-page","status-publish","hentry"],"_links":{"self":[{"href":"https:\/\/db-brandenburg.de\/index.php?rest_route=\/wp\/v2\/pages\/876","targetHints":{"allow":["GET"]}}],"collection":[{"href":"https:\/\/db-brandenburg.de\/index.php?rest_route=\/wp\/v2\/pages"}],"about":[{"href":"https:\/\/db-brandenburg.de\/index.php?rest_route=\/wp\/v2\/types\/page"}],"author":[{"embeddable":true,"href":"https:\/\/db-brandenburg.de\/index.php?rest_route=\/wp\/v2\/users\/1"}],"replies":[{"embeddable":true,"href":"https:\/\/db-brandenburg.de\/index.php?rest_route=%2Fwp%2Fv2%2Fcomments&post=876"}],"version-history":[{"count":30,"href":"https:\/\/db-brandenburg.de\/index.php?rest_route=\/wp\/v2\/pages\/876\/revisions"}],"predecessor-version":[{"id":2138,"href":"https:\/\/db-brandenburg.de\/index.php?rest_route=\/wp\/v2\/pages\/876\/revisions\/2138"}],"wp:attachment":[{"href":"https:\/\/db-brandenburg.de\/index.php?rest_route=%2Fwp%2Fv2%2Fmedia&parent=876"}],"curies":[{"name":"wp","href":"https:\/\/api.w.org\/{rel}","templated":true}]}}